{"id":7,"date":"2022-06-18T15:45:08","date_gmt":"2022-06-18T13:45:08","guid":{"rendered":"http:\/\/wp.jankiewicz.pl\/?page_id=7"},"modified":"2022-07-26T14:01:59","modified_gmt":"2022-07-26T12:01:59","slug":"home","status":"publish","type":"page","link":"https:\/\/jankiewicz.pl\/","title":{"rendered":"O mnie"},"content":{"rendered":"<div class=\"wp-block-image\">\n<figure class=\"alignleft size-full\"><img loading=\"lazy\" decoding=\"async\" width=\"300\" height=\"450\" src=\"https:\/\/jankiewicz.pl\/wp-content\/uploads\/2022\/07\/03m300x450.jpg\" alt=\"\" class=\"wp-image-335\" srcset=\"https:\/\/jankiewicz.pl\/wp-content\/uploads\/2022\/07\/03m300x450.jpg 300w, https:\/\/jankiewicz.pl\/wp-content\/uploads\/2022\/07\/03m300x450-200x300.jpg 200w\" sizes=\"auto, (max-width: 300px) 100vw, 300px\" \/><\/figure>\n<\/div>\n\n\n<p>Konsultant&nbsp;IT i wyk\u0142adowca akademicki. Absolwent kierunku Informatyka na Politechnice Pozna\u0144skiej.<\/p>\n\n\n\n<p>Specjalista w zakresie og\u00f3lnie rozumianego przetwarzania danych. Pocz\u0105wszy od relacyjnych system\u00f3w baz danych, poprzez architektur\u0119, utrzymanie i wykorzystywanie hurtowni danych, bazy danych NoSQL, systemy danych przestrzennych i semistrukturalnych, po narz\u0119dzia i platformy Big Data.&nbsp;<\/p>\n\n\n\n<p>Regularnie tworzy i prowadzi autorskie szkolenia i warsztaty zwi\u0105zane z obszarami zainteresowa\u0144. <\/p>\n\n\n\n<p>Narciarz amator, mi\u0142o\u015bnik dw\u00f3ch k\u00f3\u0142ek (tych bardziej eco), pasjonat pieszych wypraw (g\u00f3rskich, cho\u0107 nie tylko), ws\u0142uchany w muzyk\u0119 raczej ubieg\u0142ego wieku.<\/p>\n","protected":false},"excerpt":{"rendered":"<p>Konsultant&nbsp;IT i wyk\u0142adowca akademicki. Absolwent kierunku Informatyka na Politechnice Pozna\u0144skiej. Specjalista w zakresie og\u00f3lnie rozumianego przetwarzania danych. Pocz\u0105wszy od relacyjnych system\u00f3w baz danych, poprzez architektur\u0119,&hellip;<\/p>\n","protected":false},"author":1,"featured_media":0,"parent":0,"menu_order":0,"comment_status":"closed","ping_status":"closed","template":"","meta":{"inline_featured_image":false,"footnotes":""},"class_list":["post-7","page","type-page","status-publish","hentry"],"_links":{"self":[{"href":"https:\/\/jankiewicz.pl\/index.php\/wp-json\/wp\/v2\/pages\/7","targetHints":{"allow":["GET"]}}],"collection":[{"href":"https:\/\/jankiewicz.pl\/index.php\/wp-json\/wp\/v2\/pages"}],"about":[{"href":"https:\/\/jankiewicz.pl\/index.php\/wp-json\/wp\/v2\/types\/page"}],"author":[{"embeddable":true,"href":"https:\/\/jankiewicz.pl\/index.php\/wp-json\/wp\/v2\/users\/1"}],"replies":[{"embeddable":true,"href":"https:\/\/jankiewicz.pl\/index.php\/wp-json\/wp\/v2\/comments?post=7"}],"version-history":[{"count":10,"href":"https:\/\/jankiewicz.pl\/index.php\/wp-json\/wp\/v2\/pages\/7\/revisions"}],"predecessor-version":[{"id":336,"href":"https:\/\/jankiewicz.pl\/index.php\/wp-json\/wp\/v2\/pages\/7\/revisions\/336"}],"wp:attachment":[{"href":"https:\/\/jankiewicz.pl\/index.php\/wp-json\/wp\/v2\/media?parent=7"}],"curies":[{"name":"wp","href":"https:\/\/api.w.org\/{rel}","templated":true}]}}