{"id":604,"date":"2023-04-18T17:27:29","date_gmt":"2023-04-18T15:27:29","guid":{"rendered":"https:\/\/jankiewicz.pl\/?page_id=604"},"modified":"2023-04-18T21:07:56","modified_gmt":"2023-04-18T19:07:56","slug":"stuku-puku","status":"publish","type":"page","link":"https:\/\/jankiewicz.pl\/index.php\/stuku-puku\/","title":{"rendered":"Stuku puku"},"content":{"rendered":"\n<p>Jest wiele genialnych nazw r\u00f3wnie genialnych blog\u00f3w. Powy\u017csza nazwa nie jest genialna. Podobnie jak sam blog, w kt\u00f3rym z braku czasu zapewne nie cz\u0119sto b\u0119dzie si\u0119 co\u015b nowego pojawia\u0142o. <\/p>\n\n\n\n<p>Dlaczego zatem taka nazwa? Uwaga! b\u0119dzie lokowanie produktu&#8230; <\/p>\n\n\n\n<p>Kiedy\u015b zobaczy\u0142em napis na samochodzie &#8211; Kocie Ruchy. Okaza\u0142o si\u0119, \u017ce to samoch\u00f3d firmy, kt\u00f3ra zajmuje si\u0119&#8230; pracami na wysoko\u015bciach. Skoro zatem Kocie Ruchy, to czemu nie stuku puku&#8230; <\/p>\n\n\n\n<div class=\"wp-block-query is-layout-flow wp-block-query-is-layout-flow\">\n<div class=\"wp-block-group\"><div class=\"wp-block-group__inner-container is-layout-constrained wp-block-group-is-layout-constrained\"><ul class=\"wp-block-post-template is-layout-flow wp-block-post-template-is-layout-flow\"><li class=\"wp-block-post post-1364 post type-post status-publish format-standard has-post-thumbnail hentry category-stuku-puku\">\n\n<div class=\"wp-block-columns alignwide is-layout-flex wp-container-core-columns-is-layout-9d6595d7 wp-block-columns-is-layout-flex\">\n<div class=\"wp-block-column is-vertically-aligned-top is-layout-flow wp-block-column-is-layout-flow\" style=\"flex-basis:66.67%\"><figure class=\"wp-block-post-featured-image\"><a href=\"https:\/\/jankiewicz.pl\/index.php\/czas-w-esperze-kiedy-warto-wziac-go-we-wlasne-rece\/\" target=\"_self\"  ><img loading=\"lazy\" decoding=\"async\" width=\"2560\" height=\"1039\" src=\"https:\/\/jankiewicz.pl\/wp-content\/uploads\/2026\/03\/Gemini_Generated_Image_puwu5ipuwu5ipuwu-scaled.png\" class=\"attachment-post-thumbnail size-post-thumbnail wp-post-image\" alt=\"Czas w Esperze: kiedy warto wzi\u0105\u0107 go we w\u0142asne r\u0119ce\" style=\"object-fit:cover;\" srcset=\"https:\/\/jankiewicz.pl\/wp-content\/uploads\/2026\/03\/Gemini_Generated_Image_puwu5ipuwu5ipuwu-scaled.png 2560w, https:\/\/jankiewicz.pl\/wp-content\/uploads\/2026\/03\/Gemini_Generated_Image_puwu5ipuwu5ipuwu-300x122.png 300w, https:\/\/jankiewicz.pl\/wp-content\/uploads\/2026\/03\/Gemini_Generated_Image_puwu5ipuwu5ipuwu-1024x416.png 1024w, https:\/\/jankiewicz.pl\/wp-content\/uploads\/2026\/03\/Gemini_Generated_Image_puwu5ipuwu5ipuwu-768x312.png 768w, https:\/\/jankiewicz.pl\/wp-content\/uploads\/2026\/03\/Gemini_Generated_Image_puwu5ipuwu5ipuwu-1536x624.png 1536w, https:\/\/jankiewicz.pl\/wp-content\/uploads\/2026\/03\/Gemini_Generated_Image_puwu5ipuwu5ipuwu-2048x831.png 2048w\" sizes=\"auto, (max-width: 2560px) 100vw, 2560px\" \/><\/a><\/figure><\/div>\n\n\n\n<div class=\"wp-block-column is-layout-flow wp-block-column-is-layout-flow\" style=\"flex-basis:33.33%\"><div class=\"wp-block-post-date\"><time datetime=\"2026-03-28T10:58:24+01:00\">2026-03-28<\/time><\/div>\n\n<h2 class=\"alignwide wp-block-post-title\"><a href=\"https:\/\/jankiewicz.pl\/index.php\/czas-w-esperze-kiedy-warto-wziac-go-we-wlasne-rece\/\" target=\"_self\" >Czas w Esperze: kiedy warto wzi\u0105\u0107 go we w\u0142asne r\u0119ce<\/a><\/h2>\n\n<div class=\"wp-block-post-excerpt\"><p class=\"wp-block-post-excerpt__excerpt\">Kiedy czas systemowy wystarcza Esper domy\u015blnie opiera si\u0119 na zegarze systemowym. Dla aplikacji przetwarzaj\u0105cych zdarzenia na bie\u017c\u0105co \u2013 strumie\u0144 transakcji, dane IoT, logi w czasie<\/p><p class=\"wp-block-post-excerpt__more-text\"><a class=\"wp-block-post-excerpt__more-link\" href=\"https:\/\/jankiewicz.pl\/index.php\/czas-w-esperze-kiedy-warto-wziac-go-we-wlasne-rece\/\">czytaj dalej<\/a><\/p><\/div><\/div>\n<\/div>\n\n<\/li><li class=\"wp-block-post post-572 post type-post status-publish format-standard has-post-thumbnail hentry category-stuku-puku\">\n\n<div class=\"wp-block-columns alignwide is-layout-flex wp-container-core-columns-is-layout-9d6595d7 wp-block-columns-is-layout-flex\">\n<div class=\"wp-block-column is-vertically-aligned-top is-layout-flow wp-block-column-is-layout-flow\" style=\"flex-basis:66.67%\"><figure class=\"wp-block-post-featured-image\"><a href=\"https:\/\/jankiewicz.pl\/index.php\/mapreduce-w-trybie-local\/\" target=\"_self\"  ><img loading=\"lazy\" decoding=\"async\" width=\"1512\" height=\"626\" src=\"https:\/\/jankiewicz.pl\/wp-content\/uploads\/2023\/04\/IMG-20221213-WA0001.jpg\" class=\"attachment-post-thumbnail size-post-thumbnail wp-post-image\" alt=\"MapReduce \u2013 w trybie local\" style=\"object-fit:cover;\" srcset=\"https:\/\/jankiewicz.pl\/wp-content\/uploads\/2023\/04\/IMG-20221213-WA0001.jpg 1512w, https:\/\/jankiewicz.pl\/wp-content\/uploads\/2023\/04\/IMG-20221213-WA0001-300x124.jpg 300w, https:\/\/jankiewicz.pl\/wp-content\/uploads\/2023\/04\/IMG-20221213-WA0001-1024x424.jpg 1024w, https:\/\/jankiewicz.pl\/wp-content\/uploads\/2023\/04\/IMG-20221213-WA0001-768x318.jpg 768w\" sizes=\"auto, (max-width: 1512px) 100vw, 1512px\" \/><\/a><\/figure><\/div>\n\n\n\n<div class=\"wp-block-column is-layout-flow wp-block-column-is-layout-flow\" style=\"flex-basis:33.33%\"><div class=\"wp-block-post-date\"><time datetime=\"2023-04-18T16:27:41+02:00\">2023-04-18<\/time><\/div>\n\n<h2 class=\"alignwide wp-block-post-title\"><a href=\"https:\/\/jankiewicz.pl\/index.php\/mapreduce-w-trybie-local\/\" target=\"_self\" >MapReduce \u2013 w trybie local<\/a><\/h2>\n\n<div class=\"wp-block-post-excerpt\"><p class=\"wp-block-post-excerpt__excerpt\">Nie zawsze program MapReduce jest na tyle prosty, \u017ce pierwsza pr\u00f3ba jego napisania ko\u0144czy si\u0119 sukcesem. Co je\u015bli nasz program jest na tyle skomplikowany, \u017ce wymaga d\u0142ugotrwa\u0142ej implementacji? D\u0142ugotrwa\u0142e korzystanie z klastra mo\u017ce wi\u0105za\u0107 si\u0119 ze znacznymi kosztami. W takim przypadku by\u0142oby dobrze m\u00f3c uruchamia\u0107 nasz program MapReduce lokalnie.<\/p><p class=\"wp-block-post-excerpt__more-text\"><a class=\"wp-block-post-excerpt__more-link\" href=\"https:\/\/jankiewicz.pl\/index.php\/mapreduce-w-trybie-local\/\">czytaj dalej<\/a><\/p><\/div><\/div>\n<\/div>\n\n<\/li><\/ul><\/div><\/div>\n<\/div>\n","protected":false},"excerpt":{"rendered":"<p>Jest wiele genialnych nazw r\u00f3wnie genialnych blog\u00f3w. Powy\u017csza nazwa nie jest genialna. Podobnie jak sam blog, w kt\u00f3rym z braku czasu zapewne nie cz\u0119sto b\u0119dzie&hellip;<\/p>\n","protected":false},"author":2,"featured_media":0,"parent":0,"menu_order":0,"comment_status":"closed","ping_status":"closed","template":"","meta":{"inline_featured_image":false,"footnotes":""},"class_list":["post-604","page","type-page","status-publish","hentry"],"_links":{"self":[{"href":"https:\/\/jankiewicz.pl\/index.php\/wp-json\/wp\/v2\/pages\/604","targetHints":{"allow":["GET"]}}],"collection":[{"href":"https:\/\/jankiewicz.pl\/index.php\/wp-json\/wp\/v2\/pages"}],"about":[{"href":"https:\/\/jankiewicz.pl\/index.php\/wp-json\/wp\/v2\/types\/page"}],"author":[{"embeddable":true,"href":"https:\/\/jankiewicz.pl\/index.php\/wp-json\/wp\/v2\/users\/2"}],"replies":[{"embeddable":true,"href":"https:\/\/jankiewicz.pl\/index.php\/wp-json\/wp\/v2\/comments?post=604"}],"version-history":[{"count":24,"href":"https:\/\/jankiewicz.pl\/index.php\/wp-json\/wp\/v2\/pages\/604\/revisions"}],"predecessor-version":[{"id":643,"href":"https:\/\/jankiewicz.pl\/index.php\/wp-json\/wp\/v2\/pages\/604\/revisions\/643"}],"wp:attachment":[{"href":"https:\/\/jankiewicz.pl\/index.php\/wp-json\/wp\/v2\/media?parent=604"}],"curies":[{"name":"wp","href":"https:\/\/api.w.org\/{rel}","templated":true}]}}